{"id":2520,"date":"2021-05-30T14:08:16","date_gmt":"2021-05-30T13:08:16","guid":{"rendered":"https:\/\/plumber-gp.wordifysites.com\/?page_id=2"},"modified":"2025-11-09T10:40:35","modified_gmt":"2025-11-09T10:40:35","slug":"home","status":"publish","type":"page","link":"https:\/\/beuler-helmstedt.de\/","title":{"rendered":"Startseite"},"content":{"rendered":"<div class=\"gb-container gb-container-0d451bcf\"><div class=\"gb-inside-container\">\n<div class=\"gb-container gb-container-a3902bcf\"><div class=\"gb-inside-container\">\n<div class=\"gb-grid-wrapper gb-grid-wrapper-a5a7f060\">\n<div class=\"gb-grid-column gb-grid-column-a9ec5bc1\"><div class=\"gb-container gb-container-a9ec5bc1\"><div class=\"gb-inside-container\">\n\n\n<p><\/p>\n\n\n\n<p><\/p>\n\n\n\n<p><\/p>\n\n\n\n<p class=\"gb-headline gb-headline-95b1c71e gb-headline-text\">Mobiler Service bei Beulen, Dellen und Hagelsch\u00e4den \u2013 direkt in Wolfsburg, Magdeburg und Umgebung<br>Beuler Helmstedt ist Ihre erste Adresse f\u00fcr sanfte Dellenreparatur \u2013 mobil, professionell und pers\u00f6nlich.<br>Ob Parkdelle, Hagelschaden oder gewerbliche Fahrzeugpflege \u2013 wir bringen Ihr Auto wieder in Form, ganz ohne Lackieren oder teure Ersatzteile.<br>\ud83d\udca1 Der Originallack bleibt erhalten, es wird nicht unn\u00f6tig nachlackiert, und keine Bauteile m\u00fcssen ersetzt werden.<br>Wir sind flexibel f\u00fcr Sie da \u2013 auch abends und am Wochenende, direkt bei Ihnen vor Ort.<br>Vertrauen Sie auf echte Fachkompetenz, schnelle Hilfe und pers\u00f6nliche Betreuung.<br>Wir freuen uns, wenn wir Ihnen helfen k\u00f6nnen!<\/p>\n\n<\/div><\/div><\/div>\n<\/div>\n<\/div><\/div>\n<\/div><\/div>\n\n<div class=\"gb-container gb-container-191a4ce3\"><div class=\"gb-inside-container\">\n<div class=\"gb-grid-wrapper gb-grid-wrapper-00cb1164\">\n<div class=\"gb-grid-column gb-grid-column-14cf602d\"><div class=\"gb-container gb-container-14cf602d\"><div class=\"gb-inside-container\">\n<div class=\"gb-container gb-container-26f4e024\"><div class=\"gb-inside-container\">\n\n<h5 class=\"gb-headline gb-headline-9a9a9375 gb-headline-text\">BEULEN<\/h5>\n\n\n\n<p class=\"gb-headline gb-headline-6a7f70d5 gb-headline-text\">Keine Zeit, unsere Beule-Helmstedt Werkstatt in Helmstedt zu besuchen?<br>Kein Problem \u2013 wir kommen zu Ihnen! Unsere mobile Reparatur beseitigt Dellen direkt vor Ort, schnell und zuverl\u00e4ssig.<br>Mit unserer lackschadenfreien Ausbeultechnik sparen Sie bares Geld und erhalten den Wert Ihres Fahrzeugs \u2013 ganz ohne Lackieren oder lange Werkstattaufenthalte.<\/p>\n\n<\/div><\/div>\n<\/div><\/div><\/div>\n\n<div class=\"gb-grid-column gb-grid-column-76050bba\"><div class=\"gb-container gb-container-76050bba\"><div class=\"gb-inside-container\">\n<div class=\"gb-container gb-container-a2f04dab\"><div class=\"gb-inside-container\">\n\n<h5 class=\"gb-headline gb-headline-c77b4792 gb-headline-text\">DELLEN<\/h5>\n\n\n\n<p class=\"gb-headline gb-headline-b2ae9bd9 gb-headline-text\">Parkdellen, Sturmsch\u00e4den oder andere Beulen entstehen schneller als man denkt.<br>Sie haben Dellen, Beulen oder einen Hagelschaden? Kein Problem \u2013 unser mobiler Service ist f\u00fcr Sie da in Wolfsburg, Magdeburg und Umgebung.<br>Keine Zeit, unsere Beule-Helmstedt Werkstatt in Helmstedt zu besuchen?<br>Wir kommen zu Ihnen und reparieren die Delle direkt vor Ort \u2013 schnell, zuverl\u00e4ssig und lackschadenfrei.<\/p>\n\n<\/div><\/div>\n<\/div><\/div><\/div>\n\n<div class=\"gb-grid-column gb-grid-column-909ff5c1\"><div class=\"gb-container gb-container-909ff5c1\"><div class=\"gb-inside-container\">\n<div class=\"gb-container gb-container-53803bec\"><div class=\"gb-inside-container\">\n\n<h5 class=\"gb-headline gb-headline-b3d84869 gb-headline-text\">HAGELSCH\u00c4DEN<\/h5>\n\n\n\n<p class=\"gb-headline gb-headline-7c240d40 gb-headline-text\">Sie haben Dellen, Beulen oder einen Hagelschaden? Oder braucht Ihr Fahrzeug eine professionelle Aufbereitung?<br>Ich biete eine sanfte Instandsetzung von Dellen, die durch Parksch\u00e4den, Hagel oder andere Einwirkungen entstanden sind.<br>Die betroffenen Bauteile m\u00fcssen weder ausgetauscht noch lackiert werden \u2013 dadurch ist die Reparatur deutlich g\u00fcnstiger und erh\u00e4lt den Originalzustand Ihres Fahrzeugs.<\/p>\n\n<\/div><\/div>\n<\/div><\/div><\/div>\n<\/div>\n<\/div><\/div>\n\n<div class=\"gb-container gb-container-07e2e176\"><div class=\"gb-inside-container\">\n\n<h4 class=\"gb-headline gb-headline-1274d019\"><span class=\"gb-icon\"><svg xmlns=\"http:\/\/www.w3.org\/2000\/svg\" width=\"16\" height=\"16\" fill=\"currentColor\" class=\"bi bi-dash\" viewBox=\"0 0 16 16\">   <path d=\"M4 8a.5.5 0 0 1 .5-.5h7a.5.5 0 0 1 0 1h-7A.5.5 0 0 1 4 8z\"><\/path> <\/svg><\/span><span class=\"gb-headline-text\">Sch\u00f6n, dass Sie da sind \u2013 Beuler Helmstedt hei\u00dft Sie herzlich willkommen\u201c<\/span><\/h4>\n\n\n\n<p class=\"gb-headline gb-headline-d99fbab7 gb-headline-text\">Mobiler Service f\u00fcr Dellen, Beulen und Hagelsch\u00e4den \u2013 direkt bei Ihnen vor Ort in Wolfsburg, Magdeburg und Umgebung.<br>Ob Parkdelle, Hagelschaden oder gewerbliche Fahrzeugpflege \u2013 wir bringen Ihr Auto sanft und kostensparend in Form.<br>\ud83d\udca1 Der Originallack bleibt erhalten, es wird nicht unn\u00f6tig nachlackiert, und keine Bauteile m\u00fcssen ersetzt werden.<br>Wir sind flexibel f\u00fcr Sie da \u2013 auch abends und am Wochenende, wenn es Ihnen am besten passt.<br>Wir freuen uns, wenn wir Ihnen helfen k\u00f6nnen \u2013 pers\u00f6nlich, zuverl\u00e4ssig und mit Herz.<br>Mit freundlichen Gr\u00fc\u00dfen<br>Herr Kara \u2013 \ud83d\udcde 0176 9602460<\/p>\n\n<\/div><\/div>\n\n<div class=\"gb-container gb-container-36acf84b\"><div class=\"gb-inside-container\">\n\n<h4 class=\"gb-headline gb-headline-11d9f88e gb-headline-text\">BEULER F\u00dcR PRIVAT- UND GESCH\u00c4FTSKUNDEN<\/h4>\n\n\n\n<section style=\"background-color:#f0f8ff; color:#003366; padding:40px 20px; font-family:'Segoe UI', sans-serif;\">\n  <div style=\"max-width:1000px; margin:auto; display:flex; flex-wrap:wrap; gap:30px; align-items:flex-start;\">\n    \n    <div style=\"flex:1; min-width:280px;\">\n      <h2 style=\"font-size:22px; margin-bottom:15px;\">\ud83d\udc65 F\u00fcr Privatkunden<\/h2>\n      <p style=\"font-size:16px; line-height:1.6;\">\n        Ob Parkdelle, Hagelschaden oder kleine Beulen \u2013 wir reparieren Ihr Fahrzeug sanft und kostensparend direkt bei Ihnen vor Ort. Der Originallack bleibt erhalten, ganz ohne Nachlackieren.\n      <\/p>\n    <\/div>\n\n    <div style=\"flex:1; min-width:280px;\">\n      <h2 style=\"font-size:22px; margin-bottom:15px;\">\ud83c\udfe2 F\u00fcr Gesch\u00e4ftskunden<\/h2>\n      <p style=\"font-size:16px; line-height:1.6;\">\n        Gewerbliche Fuhrparks, Leasingfahrzeuge oder Firmenwagen \u2013 wir bieten flexible und effiziente L\u00f6sungen f\u00fcr Dellen- und Beulensch\u00e4den. Auch abends und am Wochenende einsatzbereit.\n      <\/p>\n    <\/div>\n\n  <\/div>\n<\/section>\n\n<\/div><\/div>\n\n\n<p><\/p>\n","protected":false},"excerpt":{"rendered":"<p>Sch\u00f6n, dass Sie da sind \u2013 Beuler Helmstedt hei\u00dft Sie herzlich willkommen\u201c Mobiler Service f\u00fcr Dellen, Beulen und Hagelsch\u00e4den \u2013 direkt bei Ihnen vor Ort in Wolfsburg, Magdeburg und Umgebung.Ob Parkdelle, Hagelschaden oder gewerbliche Fahrzeugpflege \u2013 wir bringen Ihr Auto sanft und kostensparend in Form.\ud83d\udca1 Der Originallack bleibt erhalten, es wird nicht unn\u00f6tig nachlackiert, und &#8230; <a title=\"Startseite\" class=\"read-more\" href=\"https:\/\/beuler-helmstedt.de\/\" aria-label=\"Mehr zu Startseite\">Weiterlesen &#8230;<\/a><\/p>\n","protected":false},"author":1,"featured_media":0,"parent":0,"menu_order":0,"comment_status":"closed","ping_status":"open","template":"","meta":{"footnotes":""},"class_list":{"0":"post-2520","1":"page","2":"type-page","3":"status-publish","5":"no-featured-image-padding"},"yoast_head":"<!-- This site is optimized with the Yoast SEO plugin v27.4 - https:\/\/yoast.com\/product\/yoast-seo-wordpress\/ -->\n<title>Startseite - Beuler Helmstedt<\/title>\n<meta name=\"robots\" content=\"index, follow, max-snippet:-1, max-image-preview:large, max-video-preview:-1\" \/>\n<link rel=\"canonical\" href=\"https:\/\/beuler-helmstedt.de\/\" \/>\n<meta property=\"og:locale\" content=\"de_DE\" \/>\n<meta property=\"og:type\" content=\"article\" \/>\n<meta property=\"og:title\" content=\"Startseite - Beuler Helmstedt\" \/>\n<meta property=\"og:description\" content=\"Sch\u00f6n, dass Sie da sind \u2013 Beuler Helmstedt hei\u00dft Sie herzlich willkommen\u201c Mobiler Service f\u00fcr Dellen, Beulen und Hagelsch\u00e4den \u2013 direkt bei Ihnen vor Ort in Wolfsburg, Magdeburg und Umgebung.Ob Parkdelle, Hagelschaden oder gewerbliche Fahrzeugpflege \u2013 wir bringen Ihr Auto sanft und kostensparend in Form.\ud83d\udca1 Der Originallack bleibt erhalten, es wird nicht unn\u00f6tig nachlackiert, und ... Weiterlesen ...\" \/>\n<meta property=\"og:url\" content=\"https:\/\/beuler-helmstedt.de\/\" \/>\n<meta property=\"og:site_name\" content=\"Beuler Helmstedt\" \/>\n<meta property=\"article:modified_time\" content=\"2025-11-09T10:40:35+00:00\" \/>\n<meta name=\"twitter:card\" content=\"summary_large_image\" \/>\n<meta name=\"twitter:label1\" content=\"Gesch\u00e4tzte Lesezeit\" \/>\n\t<meta name=\"twitter:data1\" content=\"3\u00a0Minuten\" \/>\n<script type=\"application\/ld+json\" class=\"yoast-schema-graph\">{\"@context\":\"https:\\\/\\\/schema.org\",\"@graph\":[{\"@type\":\"WebPage\",\"@id\":\"https:\\\/\\\/beuler-helmstedt.de\\\/\",\"url\":\"https:\\\/\\\/beuler-helmstedt.de\\\/\",\"name\":\"Startseite - Beuler Helmstedt\",\"isPartOf\":{\"@id\":\"https:\\\/\\\/beuler-helmstedt.de\\\/#website\"},\"datePublished\":\"2021-05-30T13:08:16+00:00\",\"dateModified\":\"2025-11-09T10:40:35+00:00\",\"breadcrumb\":{\"@id\":\"https:\\\/\\\/beuler-helmstedt.de\\\/#breadcrumb\"},\"inLanguage\":\"de\",\"potentialAction\":[{\"@type\":\"ReadAction\",\"target\":[\"https:\\\/\\\/beuler-helmstedt.de\\\/\"]}]},{\"@type\":\"BreadcrumbList\",\"@id\":\"https:\\\/\\\/beuler-helmstedt.de\\\/#breadcrumb\",\"itemListElement\":[{\"@type\":\"ListItem\",\"position\":1,\"name\":\"Startseite\",\"item\":\"https:\\\/\\\/beuler-helmstedt.de\\\/\"},{\"@type\":\"ListItem\",\"position\":2,\"name\":\"Startseite\"}]},{\"@type\":\"WebSite\",\"@id\":\"https:\\\/\\\/beuler-helmstedt.de\\\/#website\",\"url\":\"https:\\\/\\\/beuler-helmstedt.de\\\/\",\"name\":\"Beuler Helmstedt\",\"description\":\"Beule weg und gut...!\",\"potentialAction\":[{\"@type\":\"SearchAction\",\"target\":{\"@type\":\"EntryPoint\",\"urlTemplate\":\"https:\\\/\\\/beuler-helmstedt.de\\\/?s={search_term_string}\"},\"query-input\":{\"@type\":\"PropertyValueSpecification\",\"valueRequired\":true,\"valueName\":\"search_term_string\"}}],\"inLanguage\":\"de\"}]}<\/script>\n<!-- \/ Yoast SEO plugin. -->","yoast_head_json":{"title":"Startseite - Beuler Helmstedt","robots":{"index":"index","follow":"follow","max-snippet":"max-snippet:-1","max-image-preview":"max-image-preview:large","max-video-preview":"max-video-preview:-1"},"canonical":"https:\/\/beuler-helmstedt.de\/","og_locale":"de_DE","og_type":"article","og_title":"Startseite - Beuler Helmstedt","og_description":"Sch\u00f6n, dass Sie da sind \u2013 Beuler Helmstedt hei\u00dft Sie herzlich willkommen\u201c Mobiler Service f\u00fcr Dellen, Beulen und Hagelsch\u00e4den \u2013 direkt bei Ihnen vor Ort in Wolfsburg, Magdeburg und Umgebung.Ob Parkdelle, Hagelschaden oder gewerbliche Fahrzeugpflege \u2013 wir bringen Ihr Auto sanft und kostensparend in Form.\ud83d\udca1 Der Originallack bleibt erhalten, es wird nicht unn\u00f6tig nachlackiert, und ... Weiterlesen ...","og_url":"https:\/\/beuler-helmstedt.de\/","og_site_name":"Beuler Helmstedt","article_modified_time":"2025-11-09T10:40:35+00:00","twitter_card":"summary_large_image","twitter_misc":{"Gesch\u00e4tzte Lesezeit":"3\u00a0Minuten"},"schema":{"@context":"https:\/\/schema.org","@graph":[{"@type":"WebPage","@id":"https:\/\/beuler-helmstedt.de\/","url":"https:\/\/beuler-helmstedt.de\/","name":"Startseite - Beuler Helmstedt","isPartOf":{"@id":"https:\/\/beuler-helmstedt.de\/#website"},"datePublished":"2021-05-30T13:08:16+00:00","dateModified":"2025-11-09T10:40:35+00:00","breadcrumb":{"@id":"https:\/\/beuler-helmstedt.de\/#breadcrumb"},"inLanguage":"de","potentialAction":[{"@type":"ReadAction","target":["https:\/\/beuler-helmstedt.de\/"]}]},{"@type":"BreadcrumbList","@id":"https:\/\/beuler-helmstedt.de\/#breadcrumb","itemListElement":[{"@type":"ListItem","position":1,"name":"Startseite","item":"https:\/\/beuler-helmstedt.de\/"},{"@type":"ListItem","position":2,"name":"Startseite"}]},{"@type":"WebSite","@id":"https:\/\/beuler-helmstedt.de\/#website","url":"https:\/\/beuler-helmstedt.de\/","name":"Beuler Helmstedt","description":"Beule weg und gut...!","potentialAction":[{"@type":"SearchAction","target":{"@type":"EntryPoint","urlTemplate":"https:\/\/beuler-helmstedt.de\/?s={search_term_string}"},"query-input":{"@type":"PropertyValueSpecification","valueRequired":true,"valueName":"search_term_string"}}],"inLanguage":"de"}]}},"_links":{"self":[{"href":"https:\/\/beuler-helmstedt.de\/index.php\/wp-json\/wp\/v2\/pages\/2520","targetHints":{"allow":["GET"]}}],"collection":[{"href":"https:\/\/beuler-helmstedt.de\/index.php\/wp-json\/wp\/v2\/pages"}],"about":[{"href":"https:\/\/beuler-helmstedt.de\/index.php\/wp-json\/wp\/v2\/types\/page"}],"author":[{"embeddable":true,"href":"https:\/\/beuler-helmstedt.de\/index.php\/wp-json\/wp\/v2\/users\/1"}],"replies":[{"embeddable":true,"href":"https:\/\/beuler-helmstedt.de\/index.php\/wp-json\/wp\/v2\/comments?post=2520"}],"version-history":[{"count":104,"href":"https:\/\/beuler-helmstedt.de\/index.php\/wp-json\/wp\/v2\/pages\/2520\/revisions"}],"predecessor-version":[{"id":3106,"href":"https:\/\/beuler-helmstedt.de\/index.php\/wp-json\/wp\/v2\/pages\/2520\/revisions\/3106"}],"wp:attachment":[{"href":"https:\/\/beuler-helmstedt.de\/index.php\/wp-json\/wp\/v2\/media?parent=2520"}],"curies":[{"name":"wp","href":"https:\/\/api.w.org\/{rel}","templated":true}]}}